{"id":8,"date":"2021-04-12T08:32:15","date_gmt":"2021-04-12T11:32:15","guid":{"rendered":"http:\/\/dramabarroco.com\/montanhas\/?page_id=8"},"modified":"2021-07-07T10:10:15","modified_gmt":"2021-07-07T13:10:15","slug":"home","status":"publish","type":"page","link":"https:\/\/montanhasdobarao.com.br\/en\/","title":{"rendered":"Home"},"content":{"rendered":"","protected":false},"excerpt":{"rendered":"","protected":false},"author":2,"featured_media":0,"parent":0,"menu_order":0,"comment_status":"closed","ping_status":"closed","template":"index.php","meta":[],"acf":[],"yoast_head":"<!-- This site is optimized with the Yoast SEO plugin v17.2 - https:\/\/yoast.com\/wordpress\/plugins\/seo\/ -->\n<meta name=\"robots\" content=\"index, follow, max-snippet:-1, max-image-preview:large, max-video-preview:-1\" \/>\n<link rel=\"canonical\" href=\"https:\/\/montanhasdobarao.com.br\/\" \/>\n<meta property=\"og:locale\" content=\"en_US\" \/>\n<meta property=\"og:type\" content=\"article\" \/>\n<meta property=\"og:title\" content=\"Home - Montanhas do Bar\u00e3o\" \/>\n<meta property=\"og:url\" content=\"https:\/\/montanhasdobarao.com.br\/\" \/>\n<meta property=\"og:site_name\" content=\"Montanhas do Bar\u00e3o\" \/>\n<meta property=\"article:modified_time\" content=\"2021-07-07T13:10:15+00:00\" \/>\n<meta name=\"twitter:card\" content=\"summary_large_image\" \/>\n<script type=\"application\/ld+json\" class=\"yoast-schema-graph\">{\"@context\":\"https:\/\/schema.org\",\"@graph\":[{\"@type\":\"WebSite\",\"@id\":\"https:\/\/montanhasdobarao.com.br\/#website\",\"url\":\"https:\/\/montanhasdobarao.com.br\/\",\"name\":\"Montanhas do Bar\\u00e3o\",\"description\":\"Caf\\u00e9 Especial direto de Guaxup\\u00e9 Minas Gerais\",\"potentialAction\":[{\"@type\":\"SearchAction\",\"target\":{\"@type\":\"EntryPoint\",\"urlTemplate\":\"https:\/\/montanhasdobarao.com.br\/?s={search_term_string}\"},\"query-input\":\"required name=search_term_string\"}],\"inLanguage\":\"en-US\"},{\"@type\":\"WebPage\",\"@id\":\"https:\/\/montanhasdobarao.com.br\/#webpage\",\"url\":\"https:\/\/montanhasdobarao.com.br\/\",\"name\":\"Home - Montanhas do Bar\\u00e3o\",\"isPartOf\":{\"@id\":\"https:\/\/montanhasdobarao.com.br\/#website\"},\"datePublished\":\"2021-04-12T11:32:15+00:00\",\"dateModified\":\"2021-07-07T13:10:15+00:00\",\"breadcrumb\":{\"@id\":\"https:\/\/montanhasdobarao.com.br\/#breadcrumb\"},\"inLanguage\":\"en-US\",\"potentialAction\":[{\"@type\":\"ReadAction\",\"target\":[\"https:\/\/montanhasdobarao.com.br\/\"]}]},{\"@type\":\"BreadcrumbList\",\"@id\":\"https:\/\/montanhasdobarao.com.br\/#breadcrumb\",\"itemListElement\":[{\"@type\":\"ListItem\",\"position\":1,\"name\":\"In\\u00edcio\",\"item\":\"https:\/\/montanhasdobarao.com.br\/\"},{\"@type\":\"ListItem\",\"position\":2,\"name\":\"Home\"}]}]}<\/script>\n<!-- \/ Yoast SEO plugin. -->","yoast_head_json":{"robots":{"index":"index","follow":"follow","max-snippet":"max-snippet:-1","max-image-preview":"max-image-preview:large","max-video-preview":"max-video-preview:-1"},"canonical":"https:\/\/montanhasdobarao.com.br\/","og_locale":"en_US","og_type":"article","og_title":"Home - Montanhas do Bar\u00e3o","og_url":"https:\/\/montanhasdobarao.com.br\/","og_site_name":"Montanhas do Bar\u00e3o","article_modified_time":"2021-07-07T13:10:15+00:00","twitter_card":"summary_large_image","schema":{"@context":"https:\/\/schema.org","@graph":[{"@type":"WebSite","@id":"https:\/\/montanhasdobarao.com.br\/#website","url":"https:\/\/montanhasdobarao.com.br\/","name":"Montanhas do Bar\u00e3o","description":"Caf\u00e9 Especial direto de Guaxup\u00e9 Minas Gerais","potentialAction":[{"@type":"SearchAction","target":{"@type":"EntryPoint","urlTemplate":"https:\/\/montanhasdobarao.com.br\/?s={search_term_string}"},"query-input":"required name=search_term_string"}],"inLanguage":"en-US"},{"@type":"WebPage","@id":"https:\/\/montanhasdobarao.com.br\/#webpage","url":"https:\/\/montanhasdobarao.com.br\/","name":"Home - Montanhas do Bar\u00e3o","isPartOf":{"@id":"https:\/\/montanhasdobarao.com.br\/#website"},"datePublished":"2021-04-12T11:32:15+00:00","dateModified":"2021-07-07T13:10:15+00:00","breadcrumb":{"@id":"https:\/\/montanhasdobarao.com.br\/#breadcrumb"},"inLanguage":"en-US","potentialAction":[{"@type":"ReadAction","target":["https:\/\/montanhasdobarao.com.br\/"]}]},{"@type":"BreadcrumbList","@id":"https:\/\/montanhasdobarao.com.br\/#breadcrumb","itemListElement":[{"@type":"ListItem","position":1,"name":"In\u00edcio","item":"https:\/\/montanhasdobarao.com.br\/"},{"@type":"ListItem","position":2,"name":"Home"}]}]}},"_links":{"self":[{"href":"https:\/\/montanhasdobarao.com.br\/en\/wp-json\/wp\/v2\/pages\/8"}],"collection":[{"href":"https:\/\/montanhasdobarao.com.br\/en\/wp-json\/wp\/v2\/pages"}],"about":[{"href":"https:\/\/montanhasdobarao.com.br\/en\/wp-json\/wp\/v2\/types\/page"}],"author":[{"embeddable":true,"href":"https:\/\/montanhasdobarao.com.br\/en\/wp-json\/wp\/v2\/users\/2"}],"replies":[{"embeddable":true,"href":"https:\/\/montanhasdobarao.com.br\/en\/wp-json\/wp\/v2\/comments?post=8"}],"version-history":[{"count":2,"href":"https:\/\/montanhasdobarao.com.br\/en\/wp-json\/wp\/v2\/pages\/8\/revisions"}],"predecessor-version":[{"id":237,"href":"https:\/\/montanhasdobarao.com.br\/en\/wp-json\/wp\/v2\/pages\/8\/revisions\/237"}],"wp:attachment":[{"href":"https:\/\/montanhasdobarao.com.br\/en\/wp-json\/wp\/v2\/media?parent=8"}],"curies":[{"name":"wp","href":"https:\/\/api.w.org\/{rel}","templated":true}]}}