{"id":16,"date":"2021-04-12T08:33:40","date_gmt":"2021-04-12T11:33:40","guid":{"rendered":"http:\/\/dramabarroco.com\/montanhas\/?page_id=16"},"modified":"2025-03-12T18:06:31","modified_gmt":"2025-03-12T21:06:31","slug":"contato","status":"publish","type":"page","link":"https:\/\/montanhasdobarao.com.br\/en\/contato\/","title":{"rendered":"Contact"},"content":{"rendered":"","protected":false},"excerpt":{"rendered":"<p>Daniel Barbosa Buffoni<\/p>\n","protected":false},"author":2,"featured_media":0,"parent":0,"menu_order":0,"comment_status":"closed","ping_status":"closed","template":"page-contato.php","meta":[],"acf":[],"yoast_head":"<!-- This site is optimized with the Yoast SEO plugin v17.2 - https:\/\/yoast.com\/wordpress\/plugins\/seo\/ -->\n<meta name=\"robots\" content=\"index, follow, max-snippet:-1, max-image-preview:large, max-video-preview:-1\" \/>\n<link rel=\"canonical\" href=\"https:\/\/montanhasdobarao.com.br\/contato\/\" \/>\n<meta property=\"og:locale\" content=\"en_US\" \/>\n<meta property=\"og:type\" content=\"article\" \/>\n<meta property=\"og:title\" content=\"Contact - Montanhas do Bar\u00e3o\" \/>\n<meta property=\"og:description\" content=\"Daniel Barbosa Buffoni\" \/>\n<meta property=\"og:url\" content=\"https:\/\/montanhasdobarao.com.br\/contato\/\" \/>\n<meta property=\"og:site_name\" content=\"Montanhas do Bar\u00e3o\" \/>\n<meta property=\"article:modified_time\" content=\"2025-03-12T21:06:31+00:00\" \/>\n<meta name=\"twitter:card\" content=\"summary_large_image\" \/>\n<meta name=\"twitter:label1\" content=\"Est. reading time\" \/>\n\t<meta name=\"twitter:data1\" content=\"1 minute\" \/>\n<script type=\"application\/ld+json\" class=\"yoast-schema-graph\">{\"@context\":\"https:\/\/schema.org\",\"@graph\":[{\"@type\":\"WebSite\",\"@id\":\"https:\/\/montanhasdobarao.com.br\/#website\",\"url\":\"https:\/\/montanhasdobarao.com.br\/\",\"name\":\"Montanhas do Bar\\u00e3o\",\"description\":\"Caf\\u00e9 Especial direto de Guaxup\\u00e9 Minas Gerais\",\"potentialAction\":[{\"@type\":\"SearchAction\",\"target\":{\"@type\":\"EntryPoint\",\"urlTemplate\":\"https:\/\/montanhasdobarao.com.br\/?s={search_term_string}\"},\"query-input\":\"required name=search_term_string\"}],\"inLanguage\":\"en-US\"},{\"@type\":\"WebPage\",\"@id\":\"https:\/\/montanhasdobarao.com.br\/contato\/#webpage\",\"url\":\"https:\/\/montanhasdobarao.com.br\/contato\/\",\"name\":\"[:pb]Contato[:en]Contact[:] - Montanhas do Bar\\u00e3o\",\"isPartOf\":{\"@id\":\"https:\/\/montanhasdobarao.com.br\/#website\"},\"datePublished\":\"2021-04-12T11:33:40+00:00\",\"dateModified\":\"2025-03-12T21:06:31+00:00\",\"breadcrumb\":{\"@id\":\"https:\/\/montanhasdobarao.com.br\/contato\/#breadcrumb\"},\"inLanguage\":\"en-US\",\"potentialAction\":[{\"@type\":\"ReadAction\",\"target\":[\"https:\/\/montanhasdobarao.com.br\/contato\/\"]}]},{\"@type\":\"BreadcrumbList\",\"@id\":\"https:\/\/montanhasdobarao.com.br\/contato\/#breadcrumb\",\"itemListElement\":[{\"@type\":\"ListItem\",\"position\":1,\"name\":\"In\\u00edcio\",\"item\":\"https:\/\/montanhasdobarao.com.br\/\"},{\"@type\":\"ListItem\",\"position\":2,\"name\":\"Contato\"}]}]}<\/script>\n<!-- \/ Yoast SEO plugin. -->","yoast_head_json":{"robots":{"index":"index","follow":"follow","max-snippet":"max-snippet:-1","max-image-preview":"max-image-preview:large","max-video-preview":"max-video-preview:-1"},"canonical":"https:\/\/montanhasdobarao.com.br\/contato\/","og_locale":"en_US","og_type":"article","og_title":"Contact - Montanhas do Bar\u00e3o","og_description":"Daniel Barbosa Buffoni","og_url":"https:\/\/montanhasdobarao.com.br\/contato\/","og_site_name":"Montanhas do Bar\u00e3o","article_modified_time":"2025-03-12T21:06:31+00:00","twitter_card":"summary_large_image","twitter_misc":{"Est. reading time":"1 minute"},"schema":{"@context":"https:\/\/schema.org","@graph":[{"@type":"WebSite","@id":"https:\/\/montanhasdobarao.com.br\/#website","url":"https:\/\/montanhasdobarao.com.br\/","name":"Montanhas do Bar\u00e3o","description":"Caf\u00e9 Especial direto de Guaxup\u00e9 Minas Gerais","potentialAction":[{"@type":"SearchAction","target":{"@type":"EntryPoint","urlTemplate":"https:\/\/montanhasdobarao.com.br\/?s={search_term_string}"},"query-input":"required name=search_term_string"}],"inLanguage":"en-US"},{"@type":"WebPage","@id":"https:\/\/montanhasdobarao.com.br\/contato\/#webpage","url":"https:\/\/montanhasdobarao.com.br\/contato\/","name":"[:pb]Contato[:en]Contact[:] - Montanhas do Bar\u00e3o","isPartOf":{"@id":"https:\/\/montanhasdobarao.com.br\/#website"},"datePublished":"2021-04-12T11:33:40+00:00","dateModified":"2025-03-12T21:06:31+00:00","breadcrumb":{"@id":"https:\/\/montanhasdobarao.com.br\/contato\/#breadcrumb"},"inLanguage":"en-US","potentialAction":[{"@type":"ReadAction","target":["https:\/\/montanhasdobarao.com.br\/contato\/"]}]},{"@type":"BreadcrumbList","@id":"https:\/\/montanhasdobarao.com.br\/contato\/#breadcrumb","itemListElement":[{"@type":"ListItem","position":1,"name":"In\u00edcio","item":"https:\/\/montanhasdobarao.com.br\/"},{"@type":"ListItem","position":2,"name":"Contato"}]}]}},"_links":{"self":[{"href":"https:\/\/montanhasdobarao.com.br\/en\/wp-json\/wp\/v2\/pages\/16"}],"collection":[{"href":"https:\/\/montanhasdobarao.com.br\/en\/wp-json\/wp\/v2\/pages"}],"about":[{"href":"https:\/\/montanhasdobarao.com.br\/en\/wp-json\/wp\/v2\/types\/page"}],"author":[{"embeddable":true,"href":"https:\/\/montanhasdobarao.com.br\/en\/wp-json\/wp\/v2\/users\/2"}],"replies":[{"embeddable":true,"href":"https:\/\/montanhasdobarao.com.br\/en\/wp-json\/wp\/v2\/comments?post=16"}],"version-history":[{"count":21,"href":"https:\/\/montanhasdobarao.com.br\/en\/wp-json\/wp\/v2\/pages\/16\/revisions"}],"predecessor-version":[{"id":422,"href":"https:\/\/montanhasdobarao.com.br\/en\/wp-json\/wp\/v2\/pages\/16\/revisions\/422"}],"wp:attachment":[{"href":"https:\/\/montanhasdobarao.com.br\/en\/wp-json\/wp\/v2\/media?parent=16"}],"curies":[{"name":"wp","href":"https:\/\/api.w.org\/{rel}","templated":true}]}}