{"id":14,"date":"2021-04-12T08:33:32","date_gmt":"2021-04-12T11:33:32","guid":{"rendered":"http:\/\/dramabarroco.com\/montanhas\/?page_id=14"},"modified":"2025-03-12T18:00:34","modified_gmt":"2025-03-12T21:00:34","slug":"galeria-de-fotos","status":"publish","type":"page","link":"https:\/\/montanhasdobarao.com.br\/en\/galeria-de-fotos\/","title":{"rendered":"THE MONTE ALTO FARM"},"content":{"rendered":"","protected":false},"excerpt":{"rendered":"<p>Photo Gallery<\/p>\n","protected":false},"author":2,"featured_media":139,"parent":0,"menu_order":0,"comment_status":"closed","ping_status":"closed","template":"page-galeria.php","meta":[],"acf":[],"yoast_head":"<!-- This site is optimized with the Yoast SEO plugin v17.2 - https:\/\/yoast.com\/wordpress\/plugins\/seo\/ -->\n<meta name=\"description\" content=\"O Caf\u00e9 Montanhas do Bar\u00e3o tem origem de seus gr\u00e3os pela Fazenda Monte Alto, localizada no Sul de Minas Gerais. Compre Caf\u00e9 Direto da Fazenda.\" \/>\n<meta name=\"robots\" content=\"index, follow, max-snippet:-1, max-image-preview:large, max-video-preview:-1\" \/>\n<link rel=\"canonical\" href=\"https:\/\/montanhasdobarao.com.br\/galeria-de-fotos\/\" \/>\n<meta property=\"og:locale\" content=\"en_US\" \/>\n<meta property=\"og:type\" content=\"article\" \/>\n<meta property=\"og:title\" content=\"Fazenda Monte Alto - Montanhas do Bar\u00e3o Caf\u00e9 Especial\" \/>\n<meta property=\"og:description\" content=\"O Caf\u00e9 Montanhas do Bar\u00e3o tem origem de seus gr\u00e3os pela Fazenda Monte Alto, localizada no Sul de Minas Gerais. Compre Caf\u00e9 Direto da Fazenda.\" \/>\n<meta property=\"og:url\" content=\"https:\/\/montanhasdobarao.com.br\/galeria-de-fotos\/\" \/>\n<meta property=\"og:site_name\" content=\"Montanhas do Bar\u00e3o\" \/>\n<meta property=\"article:modified_time\" content=\"2025-03-12T21:00:34+00:00\" \/>\n<meta property=\"og:image\" content=\"https:\/\/montanhasdobarao.com.br\/wp-content\/uploads\/2021\/05\/fazendaguaxupe.jpg\" \/>\n\t<meta property=\"og:image:width\" content=\"1000\" \/>\n\t<meta property=\"og:image:height\" content=\"667\" \/>\n<meta name=\"twitter:card\" content=\"summary_large_image\" \/>\n<meta name=\"twitter:label1\" content=\"Est. reading time\" \/>\n\t<meta name=\"twitter:data1\" content=\"1 minute\" \/>\n<script type=\"application\/ld+json\" class=\"yoast-schema-graph\">{\"@context\":\"https:\/\/schema.org\",\"@graph\":[{\"@type\":\"WebSite\",\"@id\":\"https:\/\/montanhasdobarao.com.br\/#website\",\"url\":\"https:\/\/montanhasdobarao.com.br\/\",\"name\":\"Montanhas do Bar\\u00e3o\",\"description\":\"Caf\\u00e9 Especial direto de Guaxup\\u00e9 Minas Gerais\",\"potentialAction\":[{\"@type\":\"SearchAction\",\"target\":{\"@type\":\"EntryPoint\",\"urlTemplate\":\"https:\/\/montanhasdobarao.com.br\/?s={search_term_string}\"},\"query-input\":\"required name=search_term_string\"}],\"inLanguage\":\"en-US\"},{\"@type\":\"ImageObject\",\"@id\":\"https:\/\/montanhasdobarao.com.br\/galeria-de-fotos\/#primaryimage\",\"inLanguage\":\"en-US\",\"url\":\"https:\/\/montanhasdobarao.com.br\/wp-content\/uploads\/2021\/05\/fazendaguaxupe.jpg\",\"contentUrl\":\"https:\/\/montanhasdobarao.com.br\/wp-content\/uploads\/2021\/05\/fazendaguaxupe.jpg\",\"width\":1000,\"height\":667,\"caption\":\"Fazenda Monte Alto\"},{\"@type\":\"WebPage\",\"@id\":\"https:\/\/montanhasdobarao.com.br\/galeria-de-fotos\/#webpage\",\"url\":\"https:\/\/montanhasdobarao.com.br\/galeria-de-fotos\/\",\"name\":\"Fazenda Monte Alto - Montanhas do Bar\\u00e3o Caf\\u00e9 Especial\",\"isPartOf\":{\"@id\":\"https:\/\/montanhasdobarao.com.br\/#website\"},\"primaryImageOfPage\":{\"@id\":\"https:\/\/montanhasdobarao.com.br\/galeria-de-fotos\/#primaryimage\"},\"datePublished\":\"2021-04-12T11:33:32+00:00\",\"dateModified\":\"2025-03-12T21:00:34+00:00\",\"description\":\"O Caf\\u00e9 Montanhas do Bar\\u00e3o tem origem de seus gr\\u00e3os pela Fazenda Monte Alto, localizada no Sul de Minas Gerais. Compre Caf\\u00e9 Direto da Fazenda.\",\"breadcrumb\":{\"@id\":\"https:\/\/montanhasdobarao.com.br\/galeria-de-fotos\/#breadcrumb\"},\"inLanguage\":\"en-US\",\"potentialAction\":[{\"@type\":\"ReadAction\",\"target\":[\"https:\/\/montanhasdobarao.com.br\/galeria-de-fotos\/\"]}]},{\"@type\":\"BreadcrumbList\",\"@id\":\"https:\/\/montanhasdobarao.com.br\/galeria-de-fotos\/#breadcrumb\",\"itemListElement\":[{\"@type\":\"ListItem\",\"position\":1,\"name\":\"In\\u00edcio\",\"item\":\"https:\/\/montanhasdobarao.com.br\/\"},{\"@type\":\"ListItem\",\"position\":2,\"name\":\"Fazenda Monte Alto\"}]}]}<\/script>\n<!-- \/ Yoast SEO plugin. -->","yoast_head_json":{"description":"O Caf\u00e9 Montanhas do Bar\u00e3o tem origem de seus gr\u00e3os pela Fazenda Monte Alto, localizada no Sul de Minas Gerais. Compre Caf\u00e9 Direto da Fazenda.","robots":{"index":"index","follow":"follow","max-snippet":"max-snippet:-1","max-image-preview":"max-image-preview:large","max-video-preview":"max-video-preview:-1"},"canonical":"https:\/\/montanhasdobarao.com.br\/galeria-de-fotos\/","og_locale":"en_US","og_type":"article","og_title":"Fazenda Monte Alto - Montanhas do Bar\u00e3o Caf\u00e9 Especial","og_description":"O Caf\u00e9 Montanhas do Bar\u00e3o tem origem de seus gr\u00e3os pela Fazenda Monte Alto, localizada no Sul de Minas Gerais. Compre Caf\u00e9 Direto da Fazenda.","og_url":"https:\/\/montanhasdobarao.com.br\/galeria-de-fotos\/","og_site_name":"Montanhas do Bar\u00e3o","article_modified_time":"2025-03-12T21:00:34+00:00","og_image":[{"width":1000,"height":667,"url":"https:\/\/montanhasdobarao.com.br\/wp-content\/uploads\/2021\/05\/fazendaguaxupe.jpg","path":"\/home\/montanhasdobarao.com.br\/public\/wp-content\/uploads\/2021\/05\/fazendaguaxupe.jpg","size":"full","id":139,"alt":"Fazenda Monte Alto","pixels":667000,"type":"image\/jpeg"}],"twitter_card":"summary_large_image","twitter_misc":{"Est. reading time":"1 minute"},"schema":{"@context":"https:\/\/schema.org","@graph":[{"@type":"WebSite","@id":"https:\/\/montanhasdobarao.com.br\/#website","url":"https:\/\/montanhasdobarao.com.br\/","name":"Montanhas do Bar\u00e3o","description":"Caf\u00e9 Especial direto de Guaxup\u00e9 Minas Gerais","potentialAction":[{"@type":"SearchAction","target":{"@type":"EntryPoint","urlTemplate":"https:\/\/montanhasdobarao.com.br\/?s={search_term_string}"},"query-input":"required name=search_term_string"}],"inLanguage":"en-US"},{"@type":"ImageObject","@id":"https:\/\/montanhasdobarao.com.br\/galeria-de-fotos\/#primaryimage","inLanguage":"en-US","url":"https:\/\/montanhasdobarao.com.br\/wp-content\/uploads\/2021\/05\/fazendaguaxupe.jpg","contentUrl":"https:\/\/montanhasdobarao.com.br\/wp-content\/uploads\/2021\/05\/fazendaguaxupe.jpg","width":1000,"height":667,"caption":"Fazenda Monte Alto"},{"@type":"WebPage","@id":"https:\/\/montanhasdobarao.com.br\/galeria-de-fotos\/#webpage","url":"https:\/\/montanhasdobarao.com.br\/galeria-de-fotos\/","name":"Fazenda Monte Alto - Montanhas do Bar\u00e3o Caf\u00e9 Especial","isPartOf":{"@id":"https:\/\/montanhasdobarao.com.br\/#website"},"primaryImageOfPage":{"@id":"https:\/\/montanhasdobarao.com.br\/galeria-de-fotos\/#primaryimage"},"datePublished":"2021-04-12T11:33:32+00:00","dateModified":"2025-03-12T21:00:34+00:00","description":"O Caf\u00e9 Montanhas do Bar\u00e3o tem origem de seus gr\u00e3os pela Fazenda Monte Alto, localizada no Sul de Minas Gerais. Compre Caf\u00e9 Direto da Fazenda.","breadcrumb":{"@id":"https:\/\/montanhasdobarao.com.br\/galeria-de-fotos\/#breadcrumb"},"inLanguage":"en-US","potentialAction":[{"@type":"ReadAction","target":["https:\/\/montanhasdobarao.com.br\/galeria-de-fotos\/"]}]},{"@type":"BreadcrumbList","@id":"https:\/\/montanhasdobarao.com.br\/galeria-de-fotos\/#breadcrumb","itemListElement":[{"@type":"ListItem","position":1,"name":"In\u00edcio","item":"https:\/\/montanhasdobarao.com.br\/"},{"@type":"ListItem","position":2,"name":"Fazenda Monte Alto"}]}]}},"_links":{"self":[{"href":"https:\/\/montanhasdobarao.com.br\/en\/wp-json\/wp\/v2\/pages\/14"}],"collection":[{"href":"https:\/\/montanhasdobarao.com.br\/en\/wp-json\/wp\/v2\/pages"}],"about":[{"href":"https:\/\/montanhasdobarao.com.br\/en\/wp-json\/wp\/v2\/types\/page"}],"author":[{"embeddable":true,"href":"https:\/\/montanhasdobarao.com.br\/en\/wp-json\/wp\/v2\/users\/2"}],"replies":[{"embeddable":true,"href":"https:\/\/montanhasdobarao.com.br\/en\/wp-json\/wp\/v2\/comments?post=14"}],"version-history":[{"count":34,"href":"https:\/\/montanhasdobarao.com.br\/en\/wp-json\/wp\/v2\/pages\/14\/revisions"}],"predecessor-version":[{"id":420,"href":"https:\/\/montanhasdobarao.com.br\/en\/wp-json\/wp\/v2\/pages\/14\/revisions\/420"}],"wp:featuredmedia":[{"embeddable":true,"href":"https:\/\/montanhasdobarao.com.br\/en\/wp-json\/wp\/v2\/media\/139"}],"wp:attachment":[{"href":"https:\/\/montanhasdobarao.com.br\/en\/wp-json\/wp\/v2\/media?parent=14"}],"curies":[{"name":"wp","href":"https:\/\/api.w.org\/{rel}","templated":true}]}}