{"id":12,"date":"2021-04-12T08:33:25","date_gmt":"2021-04-12T11:33:25","guid":{"rendered":"http:\/\/dramabarroco.com\/montanhas\/?page_id=12"},"modified":"2025-03-12T17:22:22","modified_gmt":"2025-03-12T20:22:22","slug":"historia","status":"publish","type":"page","link":"https:\/\/montanhasdobarao.com.br\/en\/historia\/","title":{"rendered":"History"},"content":{"rendered":"<p>The farm&#8217;s history begins in 1830, when Francisco Ribeiro do Valle arrived in the region coming from S\u00e3o Jo\u00e3o del Rei and took over what was then known as Jacuba Farm, which would later become Monte Alto Farm.<\/p>\n<p>The property was inherited by his son, the Baron of Guaxup\u00e9, and afterwards by his descendants, who kept the tradition of coffee cultivation.<\/p>\n<p>Today the Monte Alto Farm is run by Carlos Henrique Ribeiro do Valle and Marina Scognamiglio Ribeiro do Valle and their children. It is the 7th generation of the family, which is still committed to the noble task of growing high quality coffee, with dedication and professionalism.<\/p>\n<h3>Social Responsibility<\/h3>\n<p>Later, as of 2010, Monte Alto Farm has begun to promote activities, courses, and workshops in the socio-environmental area, to contribute to the settlers&#8217; education.<\/p>\n<p>In the social area programs were also offered, such as computing, library, recreation, hapkid\u00f4, horseback riding, community therapy, women&#8217;s conversation circle, and reuse of food.<\/p>\n<h3>Environmental Area<\/h3>\n<p>In the environmental area it is first of all relevant to emphasize the fact that Monte Alto Farm owns and protects an important Atlantic Forest fragment, the original one in the country.<\/p>\n<p>To maintain the environmental reserve preservation in the region, a native tree nursery was set up and the farm has started to distribute these seedlings to the entire local community.<\/p>\n<p>In addition, courses on &#8220;Riverhead Recovery&#8221;, &#8220;Growing an Organic Vegetable Gardening&#8221;, and &#8220;Composting&#8221; have been offered to the farm&#8217;s residents, with the aim of contributing to the maintenance of the three existing springs on the site.<\/p>\n<p>Apart from protecting the flora and the water springs, there is also a comprehensive program of cataloging and protection of animal species carried out by a biologist who monitors the property.<\/p>\n<p>With the focus on bird life, this dedicated work has managed to observe and classify more than 200 different species of birds, including hawks, hummingbirds, herons, toucans, seriemas, and several others.<\/p>\n<p>The extensive environmental and social work undertaken by Monte Alto is a source of great pride and recognition from our employees, partners, and customers.<\/p>\n<h3>Search for Excellence<\/h3>\n<p>The search for excellence is present in all production stages of Montanhas do Bar\u00e3o Coffee. From the bean to the cup, the focus is on quality with sustainability.<\/p>\n<p>Thus, coffee varieties such as Bourbon, Yellow Catua\u00ed, Red Catua\u00ed, Icatu, and Mundo Novo are grown at high altitudes, according to the most modern production techniques.<\/p>\n<p>After being harvested, the coffee beans are dried on terraces under full sun and also in rotary dryers, which standardize the drying of the beans.<\/p>\n<p>The Monte Alto Farm&#8217;s yard, in an exclusive oval shape that resembles a coffee bean, has 10,000 m\u00b2 and is located in one of the highest points of the property, with ideal sunlight and ventilation.<\/p>\n<p>In this way, all the coffee processing takes place inside the farm, with total traceability.<\/p>\n<h3>Aromas and flavors<\/h3>\n<p>Our coffees offer a wide range of very distinctive aromas and flavors, in addition to unique sensory nuances, which are especially perceived when tasting the beverage.<\/p>\n<p>The Montanhas do Bar\u00e3o coffees bring the aroma and flavor of yellow fruits, floral, chocolate, nuts and honey; citric acidity, creaminess, and a long and sweet finish.<\/p>\n<h3>Awards and Certifications<\/h3>\n<p>Part of our specialty coffees are processed in small batches, in suspended terraces, in a handcrafted manner, through a meticulous quality control, in order to achieve excellence.<\/p>\n<p><strong>This is how one of our microlots won third place in the <em><a href=\"https:\/\/cupofexcellence.org\/\" target=\"_blank\" rel=\"noopener\">Cup of Excellence <\/a><\/em>Competition, one of the main specialty coffee competitions in the world.<\/strong><\/p>\n<p>The coffees from Monte Alto Farm were also recognized in important quality contests in Brazil, such as the Certifica Minas contest and the Ernesto Illy Prize, which has recently awarded our coffee as <strong>&#8220;The Best of South of Minas Gerais&#8221; (State).<\/strong><\/p>\n<p>In addition to these awards, our coffees also hold relevant quality certifications, such as UTZ, 4C and Certifica Minas, as well as BSCA seals.<\/p>","protected":false},"excerpt":{"rendered":"<p>The farm&#8217;s history begins in 1830, when Francisco Ribeiro do Valle arrived in the region coming from S\u00e3o Jo\u00e3o del Rei and took over what was then known as Jacuba Farm, which would later become Monte Alto Farm. The property was inherited by his son, [&hellip;]<\/p>\n","protected":false},"author":2,"featured_media":418,"parent":0,"menu_order":0,"comment_status":"closed","ping_status":"closed","template":"page-historia.php","meta":[],"acf":[],"yoast_head":"<!-- This site is optimized with the Yoast SEO plugin v17.2 - https:\/\/yoast.com\/wordpress\/plugins\/seo\/ -->\n<meta name=\"description\" content=\"Hist\u00f3ria - A hist\u00f3ria da fazenda inicia em 1830, quando Francisco Ribeiro do Valle chega \u00e0 regi\u00e3o vindo de S\u00e3o Jo\u00e3o del Rey...\" \/>\n<meta name=\"robots\" content=\"index, follow, max-snippet:-1, max-image-preview:large, max-video-preview:-1\" \/>\n<link rel=\"canonical\" href=\"https:\/\/montanhasdobarao.com.br\/historia\/\" \/>\n<meta property=\"og:locale\" content=\"en_US\" \/>\n<meta property=\"og:type\" content=\"article\" \/>\n<meta property=\"og:title\" content=\"Hist\u00f3ria - Caf\u00e9 Montanhas do Bar\u00e3o - Caf\u00e9s Especiais\" \/>\n<meta property=\"og:description\" content=\"Hist\u00f3ria - A hist\u00f3ria da fazenda inicia em 1830, quando Francisco Ribeiro do Valle chega \u00e0 regi\u00e3o vindo de S\u00e3o Jo\u00e3o del Rey...\" \/>\n<meta property=\"og:url\" content=\"https:\/\/montanhasdobarao.com.br\/historia\/\" \/>\n<meta property=\"og:site_name\" content=\"Montanhas do Bar\u00e3o\" \/>\n<meta property=\"article:modified_time\" content=\"2025-03-12T20:22:22+00:00\" \/>\n<meta property=\"og:image\" content=\"https:\/\/montanhasdobarao.com.br\/wp-content\/uploads\/2025\/03\/Design-sem-nome-6-scaled.jpg\" \/>\n\t<meta property=\"og:image:width\" content=\"1440\" \/>\n\t<meta property=\"og:image:height\" content=\"2560\" \/>\n<meta name=\"twitter:card\" content=\"summary_large_image\" \/>\n<meta name=\"twitter:label1\" content=\"Est. reading time\" \/>\n\t<meta name=\"twitter:data1\" content=\"3 minutes\" \/>\n<script type=\"application\/ld+json\" class=\"yoast-schema-graph\">{\"@context\":\"https:\/\/schema.org\",\"@graph\":[{\"@type\":\"WebSite\",\"@id\":\"https:\/\/montanhasdobarao.com.br\/#website\",\"url\":\"https:\/\/montanhasdobarao.com.br\/\",\"name\":\"Montanhas do Bar\\u00e3o\",\"description\":\"Caf\\u00e9 Especial direto de Guaxup\\u00e9 Minas Gerais\",\"potentialAction\":[{\"@type\":\"SearchAction\",\"target\":{\"@type\":\"EntryPoint\",\"urlTemplate\":\"https:\/\/montanhasdobarao.com.br\/?s={search_term_string}\"},\"query-input\":\"required name=search_term_string\"}],\"inLanguage\":\"en-US\"},{\"@type\":\"ImageObject\",\"@id\":\"https:\/\/montanhasdobarao.com.br\/historia\/#primaryimage\",\"inLanguage\":\"en-US\",\"url\":\"https:\/\/montanhasdobarao.com.br\/wp-content\/uploads\/2025\/03\/Design-sem-nome-6-scaled.jpg\",\"contentUrl\":\"https:\/\/montanhasdobarao.com.br\/wp-content\/uploads\/2025\/03\/Design-sem-nome-6-scaled.jpg\",\"width\":1440,\"height\":2560},{\"@type\":\"WebPage\",\"@id\":\"https:\/\/montanhasdobarao.com.br\/historia\/#webpage\",\"url\":\"https:\/\/montanhasdobarao.com.br\/historia\/\",\"name\":\"Hist\\u00f3ria - Caf\\u00e9 Montanhas do Bar\\u00e3o - Caf\\u00e9s Especiais\",\"isPartOf\":{\"@id\":\"https:\/\/montanhasdobarao.com.br\/#website\"},\"primaryImageOfPage\":{\"@id\":\"https:\/\/montanhasdobarao.com.br\/historia\/#primaryimage\"},\"datePublished\":\"2021-04-12T11:33:25+00:00\",\"dateModified\":\"2025-03-12T20:22:22+00:00\",\"description\":\"Hist\\u00f3ria - A hist\\u00f3ria da fazenda inicia em 1830, quando Francisco Ribeiro do Valle chega \\u00e0 regi\\u00e3o vindo de S\\u00e3o Jo\\u00e3o del Rey...\",\"breadcrumb\":{\"@id\":\"https:\/\/montanhasdobarao.com.br\/historia\/#breadcrumb\"},\"inLanguage\":\"en-US\",\"potentialAction\":[{\"@type\":\"ReadAction\",\"target\":[\"https:\/\/montanhasdobarao.com.br\/historia\/\"]}]},{\"@type\":\"BreadcrumbList\",\"@id\":\"https:\/\/montanhasdobarao.com.br\/historia\/#breadcrumb\",\"itemListElement\":[{\"@type\":\"ListItem\",\"position\":1,\"name\":\"In\\u00edcio\",\"item\":\"https:\/\/montanhasdobarao.com.br\/\"},{\"@type\":\"ListItem\",\"position\":2,\"name\":\"Hist\\u00f3ria\"}]}]}<\/script>\n<!-- \/ Yoast SEO plugin. -->","yoast_head_json":{"description":"Hist\u00f3ria - A hist\u00f3ria da fazenda inicia em 1830, quando Francisco Ribeiro do Valle chega \u00e0 regi\u00e3o vindo de S\u00e3o Jo\u00e3o del Rey...","robots":{"index":"index","follow":"follow","max-snippet":"max-snippet:-1","max-image-preview":"max-image-preview:large","max-video-preview":"max-video-preview:-1"},"canonical":"https:\/\/montanhasdobarao.com.br\/historia\/","og_locale":"en_US","og_type":"article","og_title":"Hist\u00f3ria - Caf\u00e9 Montanhas do Bar\u00e3o - Caf\u00e9s Especiais","og_description":"Hist\u00f3ria - A hist\u00f3ria da fazenda inicia em 1830, quando Francisco Ribeiro do Valle chega \u00e0 regi\u00e3o vindo de S\u00e3o Jo\u00e3o del Rey...","og_url":"https:\/\/montanhasdobarao.com.br\/historia\/","og_site_name":"Montanhas do Bar\u00e3o","article_modified_time":"2025-03-12T20:22:22+00:00","og_image":[{"width":1440,"height":2560,"filesize":662770,"url":"https:\/\/montanhasdobarao.com.br\/wp-content\/uploads\/2025\/03\/Design-sem-nome-6-scaled.jpg","path":"\/home\/montanhasdobarao.com.br\/public\/wp-content\/uploads\/2025\/03\/Design-sem-nome-6-scaled.jpg","size":"full","id":418,"alt":"","pixels":3686400,"type":"image\/jpeg"}],"twitter_card":"summary_large_image","twitter_misc":{"Est. reading time":"3 minutes"},"schema":{"@context":"https:\/\/schema.org","@graph":[{"@type":"WebSite","@id":"https:\/\/montanhasdobarao.com.br\/#website","url":"https:\/\/montanhasdobarao.com.br\/","name":"Montanhas do Bar\u00e3o","description":"Caf\u00e9 Especial direto de Guaxup\u00e9 Minas Gerais","potentialAction":[{"@type":"SearchAction","target":{"@type":"EntryPoint","urlTemplate":"https:\/\/montanhasdobarao.com.br\/?s={search_term_string}"},"query-input":"required name=search_term_string"}],"inLanguage":"en-US"},{"@type":"ImageObject","@id":"https:\/\/montanhasdobarao.com.br\/historia\/#primaryimage","inLanguage":"en-US","url":"https:\/\/montanhasdobarao.com.br\/wp-content\/uploads\/2025\/03\/Design-sem-nome-6-scaled.jpg","contentUrl":"https:\/\/montanhasdobarao.com.br\/wp-content\/uploads\/2025\/03\/Design-sem-nome-6-scaled.jpg","width":1440,"height":2560},{"@type":"WebPage","@id":"https:\/\/montanhasdobarao.com.br\/historia\/#webpage","url":"https:\/\/montanhasdobarao.com.br\/historia\/","name":"Hist\u00f3ria - Caf\u00e9 Montanhas do Bar\u00e3o - Caf\u00e9s Especiais","isPartOf":{"@id":"https:\/\/montanhasdobarao.com.br\/#website"},"primaryImageOfPage":{"@id":"https:\/\/montanhasdobarao.com.br\/historia\/#primaryimage"},"datePublished":"2021-04-12T11:33:25+00:00","dateModified":"2025-03-12T20:22:22+00:00","description":"Hist\u00f3ria - A hist\u00f3ria da fazenda inicia em 1830, quando Francisco Ribeiro do Valle chega \u00e0 regi\u00e3o vindo de S\u00e3o Jo\u00e3o del Rey...","breadcrumb":{"@id":"https:\/\/montanhasdobarao.com.br\/historia\/#breadcrumb"},"inLanguage":"en-US","potentialAction":[{"@type":"ReadAction","target":["https:\/\/montanhasdobarao.com.br\/historia\/"]}]},{"@type":"BreadcrumbList","@id":"https:\/\/montanhasdobarao.com.br\/historia\/#breadcrumb","itemListElement":[{"@type":"ListItem","position":1,"name":"In\u00edcio","item":"https:\/\/montanhasdobarao.com.br\/"},{"@type":"ListItem","position":2,"name":"Hist\u00f3ria"}]}]}},"_links":{"self":[{"href":"https:\/\/montanhasdobarao.com.br\/en\/wp-json\/wp\/v2\/pages\/12"}],"collection":[{"href":"https:\/\/montanhasdobarao.com.br\/en\/wp-json\/wp\/v2\/pages"}],"about":[{"href":"https:\/\/montanhasdobarao.com.br\/en\/wp-json\/wp\/v2\/types\/page"}],"author":[{"embeddable":true,"href":"https:\/\/montanhasdobarao.com.br\/en\/wp-json\/wp\/v2\/users\/2"}],"replies":[{"embeddable":true,"href":"https:\/\/montanhasdobarao.com.br\/en\/wp-json\/wp\/v2\/comments?post=12"}],"version-history":[{"count":24,"href":"https:\/\/montanhasdobarao.com.br\/en\/wp-json\/wp\/v2\/pages\/12\/revisions"}],"predecessor-version":[{"id":417,"href":"https:\/\/montanhasdobarao.com.br\/en\/wp-json\/wp\/v2\/pages\/12\/revisions\/417"}],"wp:featuredmedia":[{"embeddable":true,"href":"https:\/\/montanhasdobarao.com.br\/en\/wp-json\/wp\/v2\/media\/418"}],"wp:attachment":[{"href":"https:\/\/montanhasdobarao.com.br\/en\/wp-json\/wp\/v2\/media?parent=12"}],"curies":[{"name":"wp","href":"https:\/\/api.w.org\/{rel}","templated":true}]}}